{"id":4505,"date":"2026-02-23T11:19:13","date_gmt":"2026-02-23T10:19:13","guid":{"rendered":"https:\/\/www.royalpalacehotelspa.com\/acces-a-lespace-presse\/"},"modified":"2026-03-04T14:13:23","modified_gmt":"2026-03-04T13:13:23","slug":"access-to-the-press-area","status":"publish","type":"page","link":"https:\/\/www.royalpalacehotelspa.com\/en\/access-to-the-press-area\/","title":{"rendered":"Access to the press area"},"content":{"rendered":"\t\t<div data-elementor-type=\"wp-page\" data-elementor-id=\"4505\" class=\"elementor elementor-4505 elementor-3408\" data-elementor-post-type=\"page\">\n\t\t\t\t<div class=\"elementor-element elementor-element-cc1c2bd e-con-full e-flex e-con e-parent\" data-id=\"cc1c2bd\" data-element_type=\"container\" data-e-type=\"container\" data-settings=\"{&quot;background_background&quot;:&quot;classic&quot;}\">\n\t\t<div class=\"elementor-element elementor-element-892d30a e-con-full e-flex e-con e-child\" data-id=\"892d30a\" data-element_type=\"container\" data-e-type=\"container\">\n\t\t\t\t<\/div>\n\t\t<div class=\"elementor-element elementor-element-cb67c6e e-con-full e-flex e-con e-child\" data-id=\"cb67c6e\" data-element_type=\"container\" data-e-type=\"container\">\n\t\t\t\t<div class=\"elementor-element elementor-element-792951d title_left_puce elementor-widget elementor-widget-heading\" data-id=\"792951d\" data-element_type=\"widget\" data-e-type=\"widget\" data-widget_type=\"heading.default\">\n\t\t\t\t\t<h2 class=\"elementor-heading-title elementor-size-default\">Votre code d'acc\u00e8s \u00e0 l'espace presse<\/h2>\t\t\t\t<\/div>\n\t\t\t\t<div class=\"elementor-element elementor-element-5c5979a elementor-widget elementor-widget-text-editor\" data-id=\"5c5979a\" data-element_type=\"widget\" data-e-type=\"widget\" data-widget_type=\"text-editor.default\">\n\t\t\t\t\t\t\t\t\t<p>Veuillez trouver ci-dessous votre code d&#8217;acc\u00e8s \u00e0 l&#8217;espace presse \u00e0 renseigner sur la page concern\u00e9e.<\/p>\t\t\t\t\t\t\t\t<\/div>\n\t\t\t\t<div class=\"elementor-element elementor-element-b544db4 elementor-widget elementor-widget-heading\" data-id=\"b544db4\" data-element_type=\"widget\" data-e-type=\"widget\" data-widget_type=\"heading.default\">\n\t\t\t\t\t<h2 class=\"elementor-heading-title elementor-size-default\">ROYALPALACEHOTELSPA<\/h2>\t\t\t\t<\/div>\n\t\t\t\t<div class=\"elementor-element elementor-element-4259f07 elementor-align-center elementor-mobile-align-center elementor-widget elementor-widget-button\" data-id=\"4259f07\" data-element_type=\"widget\" data-e-type=\"widget\" data-widget_type=\"button.default\">\n\t\t\t\t\t\t\t\t\t\t<a class=\"elementor-button elementor-button-link elementor-size-sm\" href=\"https:\/\/www.royalpalacehotelspa.com\/galerie-photos-presse\/\" target=\"_blank\">\n\t\t\t\t\t\t<span class=\"elementor-button-content-wrapper\">\n\t\t\t\t\t\t<span class=\"elementor-button-icon\">\n\t\t\t\t<svg aria-hidden=\"true\" class=\"e-font-icon-svg e-fas-lock\" viewBox=\"0 0 448 512\" xmlns=\"http:\/\/www.w3.org\/2000\/svg\"><path d=\"M400 224h-24v-72C376 68.2 307.8 0 224 0S72 68.2 72 152v72H48c-26.5 0-48 21.5-48 48v192c0 26.5 21.5 48 48 48h352c26.5 0 48-21.5 48-48V272c0-26.5-21.5-48-48-48zm-104 0H152v-72c0-39.7 32.3-72 72-72s72 32.3 72 72v72z\"><\/path><\/svg>\t\t\t<\/span>\n\t\t\t\t\t\t\t\t\t<span class=\"elementor-button-text\">Visualiser<\/span>\n\t\t\t\t\t<\/span>\n\t\t\t\t\t<\/a>\n\t\t\t\t\t\t\t\t<\/div>\n\t\t\t\t<div class=\"elementor-element elementor-element-3ed8922 elementor-view-default elementor-widget elementor-widget-icon\" data-id=\"3ed8922\" data-element_type=\"widget\" data-e-type=\"widget\" data-widget_type=\"icon.default\">\n\t\t\t\t\t\t\t<div class=\"elementor-icon-wrapper\">\n\t\t\t<div class=\"elementor-icon\">\n\t\t\t<svg xmlns=\"http:\/\/www.w3.org\/2000\/svg\" id=\"Calque_1\" viewBox=\"0 0 22.7 22.7\"><path id=\"Trac&#xE9;_69\" d=\"M11.3,1.4L.7,11.5l10.6,9.8,10.7-9.8L11.3,1.4Z\"><\/path><\/svg>\t\t\t<\/div>\n\t\t<\/div>\n\t\t\t\t\t\t<\/div>\n\t\t\t\t<\/div>\n\t\t<div class=\"elementor-element elementor-element-901f337 e-con-full e-flex e-con e-child\" data-id=\"901f337\" data-element_type=\"container\" data-e-type=\"container\">\n\t\t\t\t<\/div>\n\t\t\t\t<\/div>\n\t\t\t\t<\/div>\n\t\t","protected":false},"excerpt":{"rendered":"<p>Votre code d&#8217;acc\u00e8s \u00e0 l&#8217;espace presse Veuillez trouver ci-dessous votre code d&#8217;acc\u00e8s \u00e0 l&#8217;espace presse \u00e0 renseigner sur la page concern\u00e9e. ROYALPALACEHOTELSPA Visualiser<\/p>\n","protected":false},"author":1,"featured_media":0,"parent":0,"menu_order":0,"comment_status":"closed","ping_status":"closed","template":"","meta":{"footnotes":""},"class_list":["post-4505","page","type-page","status-publish","hentry"],"aioseo_notices":[],"_links":{"self":[{"href":"https:\/\/www.royalpalacehotelspa.com\/en\/wp-json\/wp\/v2\/pages\/4505","targetHints":{"allow":["GET"]}}],"collection":[{"href":"https:\/\/www.royalpalacehotelspa.com\/en\/wp-json\/wp\/v2\/pages"}],"about":[{"href":"https:\/\/www.royalpalacehotelspa.com\/en\/wp-json\/wp\/v2\/types\/page"}],"author":[{"embeddable":true,"href":"https:\/\/www.royalpalacehotelspa.com\/en\/wp-json\/wp\/v2\/users\/1"}],"replies":[{"embeddable":true,"href":"https:\/\/www.royalpalacehotelspa.com\/en\/wp-json\/wp\/v2\/comments?post=4505"}],"version-history":[{"count":1,"href":"https:\/\/www.royalpalacehotelspa.com\/en\/wp-json\/wp\/v2\/pages\/4505\/revisions"}],"predecessor-version":[{"id":4567,"href":"https:\/\/www.royalpalacehotelspa.com\/en\/wp-json\/wp\/v2\/pages\/4505\/revisions\/4567"}],"wp:attachment":[{"href":"https:\/\/www.royalpalacehotelspa.com\/en\/wp-json\/wp\/v2\/media?parent=4505"}],"curies":[{"name":"wp","href":"https:\/\/api.w.org\/{rel}","templated":true}]}}