{"id":4559,"date":"2026-03-02T12:02:42","date_gmt":"2026-03-02T11:02:42","guid":{"rendered":"https:\/\/www.royalpalacehotelspa.com\/galerie-photos\/"},"modified":"2026-03-19T22:11:00","modified_gmt":"2026-03-19T21:11:00","slug":"fotogalerie","status":"publish","type":"page","link":"https:\/\/www.royalpalacehotelspa.com\/de\/fotogalerie\/","title":{"rendered":"Fotogalerie"},"content":{"rendered":"\t\t<div data-elementor-type=\"wp-page\" data-elementor-id=\"4559\" class=\"elementor elementor-4559 elementor-4217\" data-elementor-post-type=\"page\">\n\t\t\t\t<div class=\"elementor-element elementor-element-0e76d1b e-con-full e-flex e-con e-parent\" data-id=\"0e76d1b\" data-element_type=\"container\" data-e-type=\"container\">\n\t\t\t\t<div class=\"elementor-element elementor-element-54257d5 elementor-widget elementor-widget-gallery\" data-id=\"54257d5\" data-element_type=\"widget\" data-e-type=\"widget\" data-settings=\"{&quot;lazyload&quot;:&quot;yes&quot;,&quot;gallery_layout&quot;:&quot;grid&quot;,&quot;columns&quot;:4,&quot;columns_tablet&quot;:2,&quot;columns_mobile&quot;:1,&quot;gap&quot;:{&quot;unit&quot;:&quot;px&quot;,&quot;size&quot;:10,&quot;sizes&quot;:[]},&quot;gap_tablet&quot;:{&quot;unit&quot;:&quot;px&quot;,&quot;size&quot;:10,&quot;sizes&quot;:[]},&quot;gap_mobile&quot;:{&quot;unit&quot;:&quot;px&quot;,&quot;size&quot;:10,&quot;sizes&quot;:[]},&quot;link_to&quot;:&quot;file&quot;,&quot;aspect_ratio&quot;:&quot;3:2&quot;,&quot;overlay_background&quot;:&quot;yes&quot;,&quot;content_hover_animation&quot;:&quot;fade-in&quot;}\" data-widget_type=\"gallery.default\">\n\t\t\t\t\t\t\t<div class=\"elementor-gallery__container\">\n\t\t\t\t\t\t\t<a class=\"e-gallery-item elementor-gallery-item elementor-animated-content\" href=\"https:\/\/www.royalpalacehotelspa.com\/wp-content\/uploads\/2026\/02\/construction_theatre-1996.jpg\" data-elementor-open-lightbox=\"yes\" data-elementor-lightbox-slideshow=\"54257d5\" data-e-action-hash=\"#elementor-action%3Aaction%3Dlightbox%26settings%3DeyJpZCI6NDgyOSwidXJsIjoiaHR0cHM6XC9cL3d3dy5yb3lhbHBhbGFjZWhvdGVsc3BhLmNvbVwvd3AtY29udGVudFwvdXBsb2Fkc1wvMjAyNlwvMDJcL2NvbnN0cnVjdGlvbl90aGVhdHJlLTE5OTYuanBnIiwic2xpZGVzaG93IjoiNTQyNTdkNSJ9\">\n\t\t\t\t\t<div class=\"e-gallery-image elementor-gallery-item__image\" data-thumbnail=\"https:\/\/www.royalpalacehotelspa.com\/wp-content\/uploads\/2026\/02\/construction_theatre-1996-1024x738.jpg\" data-width=\"800\" data-height=\"577\" aria-label=\"\" role=\"img\" ><\/div>\n\t\t\t\t\t\t\t\t\t\t\t<div class=\"elementor-gallery-item__overlay\"><\/div>\n\t\t\t\t\t\t\t\t\t\t\t\t\t\t<\/a>\n\t\t\t\t\t\t\t<a class=\"e-gallery-item elementor-gallery-item elementor-animated-content\" href=\"https:\/\/www.royalpalacehotelspa.com\/wp-content\/uploads\/2026\/02\/Royal-Palace-Salle-Fitness.jpeg\" data-elementor-open-lightbox=\"yes\" data-elementor-lightbox-slideshow=\"54257d5\" data-e-action-hash=\"#elementor-action%3Aaction%3Dlightbox%26settings%3DeyJpZCI6NDg0OSwidXJsIjoiaHR0cHM6XC9cL3d3dy5yb3lhbHBhbGFjZWhvdGVsc3BhLmNvbVwvd3AtY29udGVudFwvdXBsb2Fkc1wvMjAyNlwvMDJcL1JveWFsLVBhbGFjZS1TYWxsZS1GaXRuZXNzLmpwZWciLCJzbGlkZXNob3ciOiI1NDI1N2Q1In0%3D\">\n\t\t\t\t\t<div class=\"e-gallery-image elementor-gallery-item__image\" data-thumbnail=\"https:\/\/www.royalpalacehotelspa.com\/wp-content\/uploads\/2026\/02\/Royal-Palace-Salle-Fitness-1024x790.jpeg\" data-width=\"800\" data-height=\"617\" aria-label=\"Remise en forme dans salle de Fitness Royal Palace Hotel &amp; Spa\" role=\"img\" ><\/div>\n\t\t\t\t\t\t\t\t\t\t\t<div class=\"elementor-gallery-item__overlay\"><\/div>\n\t\t\t\t\t\t\t\t\t\t\t\t\t\t<\/a>\n\t\t\t\t\t\t\t<a class=\"e-gallery-item elementor-gallery-item elementor-animated-content\" href=\"https:\/\/www.royalpalacehotelspa.com\/wp-content\/uploads\/2025\/11\/Facade-jour-Royal-Palace-Hotel-Spa-3.jpg\" data-elementor-open-lightbox=\"yes\" data-elementor-lightbox-slideshow=\"54257d5\" data-e-action-hash=\"#elementor-action%3Aaction%3Dlightbox%26settings%3DeyJpZCI6NDg1MCwidXJsIjoiaHR0cHM6XC9cL3d3dy5yb3lhbHBhbGFjZWhvdGVsc3BhLmNvbVwvd3AtY29udGVudFwvdXBsb2Fkc1wvMjAyNVwvMTFcL0ZhY2FkZS1qb3VyLVJveWFsLVBhbGFjZS1Ib3RlbC1TcGEtMy5qcGciLCJzbGlkZXNob3ciOiI1NDI1N2Q1In0%3D\">\n\t\t\t\t\t<div class=\"e-gallery-image elementor-gallery-item__image\" data-thumbnail=\"https:\/\/www.royalpalacehotelspa.com\/wp-content\/uploads\/2025\/11\/Facade-jour-Royal-Palace-Hotel-Spa-3-1024x512.jpg\" data-width=\"800\" data-height=\"400\" aria-label=\"Fa\u00e7ade du Royal Palace Hotel &amp; Spa vue de jour, fontaines sur le parvis et environnement verdoyant\" role=\"img\" ><\/div>\n\t\t\t\t\t\t\t\t\t\t\t<div class=\"elementor-gallery-item__overlay\"><\/div>\n\t\t\t\t\t\t\t\t\t\t\t\t\t\t<\/a>\n\t\t\t\t\t\t\t<a class=\"e-gallery-item elementor-gallery-item elementor-animated-content\" href=\"https:\/\/www.royalpalacehotelspa.com\/wp-content\/uploads\/2025\/11\/Facade-jour-Royal-Palace-Hotel-Spa-2.jpg\" data-elementor-open-lightbox=\"yes\" data-elementor-lightbox-slideshow=\"54257d5\" data-e-action-hash=\"#elementor-action%3Aaction%3Dlightbox%26settings%3DeyJpZCI6NDg1MSwidXJsIjoiaHR0cHM6XC9cL3d3dy5yb3lhbHBhbGFjZWhvdGVsc3BhLmNvbVwvd3AtY29udGVudFwvdXBsb2Fkc1wvMjAyNVwvMTFcL0ZhY2FkZS1qb3VyLVJveWFsLVBhbGFjZS1Ib3RlbC1TcGEtMi5qcGciLCJzbGlkZXNob3ciOiI1NDI1N2Q1In0%3D\">\n\t\t\t\t\t<div class=\"e-gallery-image elementor-gallery-item__image\" data-thumbnail=\"https:\/\/www.royalpalacehotelspa.com\/wp-content\/uploads\/2025\/11\/Facade-jour-Royal-Palace-Hotel-Spa-2-1024x512.jpg\" data-width=\"800\" data-height=\"400\" aria-label=\"Fa\u00e7ade du Royal Palace Hotel &amp; Spa avec chemin pav\u00e9 \u00e9clair\u00e9 et carports\" role=\"img\" ><\/div>\n\t\t\t\t\t\t\t\t\t\t\t<div class=\"elementor-gallery-item__overlay\"><\/div>\n\t\t\t\t\t\t\t\t\t\t\t\t\t\t<\/a>\n\t\t\t\t\t\t\t<a class=\"e-gallery-item elementor-gallery-item elementor-animated-content\" href=\"https:\/\/www.royalpalacehotelspa.com\/wp-content\/uploads\/2025\/11\/Royal-Palace-Hotel-Spa-Restaurant-La-Plume-Gourmande.jpg\" data-elementor-open-lightbox=\"yes\" data-elementor-lightbox-slideshow=\"54257d5\" data-e-action-hash=\"#elementor-action%3Aaction%3Dlightbox%26settings%3DeyJpZCI6NDg1MiwidXJsIjoiaHR0cHM6XC9cL3d3dy5yb3lhbHBhbGFjZWhvdGVsc3BhLmNvbVwvd3AtY29udGVudFwvdXBsb2Fkc1wvMjAyNVwvMTFcL1JveWFsLVBhbGFjZS1Ib3RlbC1TcGEtUmVzdGF1cmFudC1MYS1QbHVtZS1Hb3VybWFuZGUuanBnIiwic2xpZGVzaG93IjoiNTQyNTdkNSJ9\">\n\t\t\t\t\t<div class=\"e-gallery-image elementor-gallery-item__image\" data-thumbnail=\"https:\/\/www.royalpalacehotelspa.com\/wp-content\/uploads\/2025\/11\/Royal-Palace-Hotel-Spa-Restaurant-La-Plume-Gourmande-1024x512.jpg\" data-width=\"800\" data-height=\"400\" aria-label=\"\" role=\"img\" ><\/div>\n\t\t\t\t\t\t\t\t\t\t\t<div class=\"elementor-gallery-item__overlay\"><\/div>\n\t\t\t\t\t\t\t\t\t\t\t\t\t\t<\/a>\n\t\t\t\t\t\t\t<a class=\"e-gallery-item elementor-gallery-item elementor-animated-content\" href=\"https:\/\/www.royalpalacehotelspa.com\/wp-content\/uploads\/2025\/11\/Royal-Palace-Hotel-Spa-Restaurant-La-Plume-Gourmande-2.jpg\" data-elementor-open-lightbox=\"yes\" data-elementor-lightbox-slideshow=\"54257d5\" data-e-action-hash=\"#elementor-action%3Aaction%3Dlightbox%26settings%3DeyJpZCI6NDgzMSwidXJsIjoiaHR0cHM6XC9cL3d3dy5yb3lhbHBhbGFjZWhvdGVsc3BhLmNvbVwvd3AtY29udGVudFwvdXBsb2Fkc1wvMjAyNVwvMTFcL1JveWFsLVBhbGFjZS1Ib3RlbC1TcGEtUmVzdGF1cmFudC1MYS1QbHVtZS1Hb3VybWFuZGUtMi5qcGciLCJzbGlkZXNob3ciOiI1NDI1N2Q1In0%3D\">\n\t\t\t\t\t<div class=\"e-gallery-image elementor-gallery-item__image\" data-thumbnail=\"https:\/\/www.royalpalacehotelspa.com\/wp-content\/uploads\/2025\/11\/Royal-Palace-Hotel-Spa-Restaurant-La-Plume-Gourmande-2-1024x512.jpg\" data-width=\"800\" data-height=\"400\" aria-label=\"Buffet restaurant La Plume Gourmande Kirrwiller \" role=\"img\" ><\/div>\n\t\t\t\t\t\t\t\t\t\t\t<div class=\"elementor-gallery-item__overlay\"><\/div>\n\t\t\t\t\t\t\t\t\t\t\t\t\t\t<\/a>\n\t\t\t\t\t\t\t<a class=\"e-gallery-item elementor-gallery-item elementor-animated-content\" href=\"https:\/\/www.royalpalacehotelspa.com\/wp-content\/uploads\/2025\/10\/Royal-Palace-Hotel-Spa-Suite-2.png\" data-elementor-open-lightbox=\"yes\" data-elementor-lightbox-slideshow=\"54257d5\" data-e-action-hash=\"#elementor-action%3Aaction%3Dlightbox%26settings%3DeyJpZCI6MTc0NSwidXJsIjoiaHR0cHM6XC9cL3d3dy5yb3lhbHBhbGFjZWhvdGVsc3BhLmNvbVwvd3AtY29udGVudFwvdXBsb2Fkc1wvMjAyNVwvMTBcL1JveWFsLVBhbGFjZS1Ib3RlbC1TcGEtU3VpdGUtMi5wbmciLCJzbGlkZXNob3ciOiI1NDI1N2Q1In0%3D\">\n\t\t\t\t\t<div class=\"e-gallery-image elementor-gallery-item__image\" data-thumbnail=\"https:\/\/www.royalpalacehotelspa.com\/wp-content\/uploads\/2025\/10\/Royal-Palace-Hotel-Spa-Suite-2-1024x512.png\" data-width=\"800\" data-height=\"400\" aria-label=\"\" role=\"img\" ><\/div>\n\t\t\t\t\t\t\t\t\t\t\t<div class=\"elementor-gallery-item__overlay\"><\/div>\n\t\t\t\t\t\t\t\t\t\t\t\t\t\t<\/a>\n\t\t\t\t\t\t\t<a class=\"e-gallery-item elementor-gallery-item elementor-animated-content\" href=\"https:\/\/www.royalpalacehotelspa.com\/wp-content\/uploads\/2025\/10\/Facade-nuit-Royal-Palace-Hotel-Spa.jpg\" data-elementor-open-lightbox=\"yes\" data-elementor-lightbox-slideshow=\"54257d5\" data-e-action-hash=\"#elementor-action%3Aaction%3Dlightbox%26settings%3DeyJpZCI6MTczOCwidXJsIjoiaHR0cHM6XC9cL3d3dy5yb3lhbHBhbGFjZWhvdGVsc3BhLmNvbVwvd3AtY29udGVudFwvdXBsb2Fkc1wvMjAyNVwvMTBcL0ZhY2FkZS1udWl0LVJveWFsLVBhbGFjZS1Ib3RlbC1TcGEuanBnIiwic2xpZGVzaG93IjoiNTQyNTdkNSJ9\">\n\t\t\t\t\t<div class=\"e-gallery-image elementor-gallery-item__image\" data-thumbnail=\"https:\/\/www.royalpalacehotelspa.com\/wp-content\/uploads\/2025\/10\/Facade-nuit-Royal-Palace-Hotel-Spa-1024x512.jpg\" data-width=\"800\" data-height=\"400\" aria-label=\"\" role=\"img\" ><\/div>\n\t\t\t\t\t\t\t\t\t\t\t<div class=\"elementor-gallery-item__overlay\"><\/div>\n\t\t\t\t\t\t\t\t\t\t\t\t\t\t<\/a>\n\t\t\t\t\t\t\t<a class=\"e-gallery-item elementor-gallery-item elementor-animated-content\" href=\"https:\/\/www.royalpalacehotelspa.com\/wp-content\/uploads\/2025\/10\/Facade-jour-Royal-Palace-Hotel-Spa.jpg\" data-elementor-open-lightbox=\"yes\" data-elementor-lightbox-slideshow=\"54257d5\" data-e-action-hash=\"#elementor-action%3Aaction%3Dlightbox%26settings%3DeyJpZCI6MTczNywidXJsIjoiaHR0cHM6XC9cL3d3dy5yb3lhbHBhbGFjZWhvdGVsc3BhLmNvbVwvd3AtY29udGVudFwvdXBsb2Fkc1wvMjAyNVwvMTBcL0ZhY2FkZS1qb3VyLVJveWFsLVBhbGFjZS1Ib3RlbC1TcGEuanBnIiwic2xpZGVzaG93IjoiNTQyNTdkNSJ9\">\n\t\t\t\t\t<div class=\"e-gallery-image elementor-gallery-item__image\" data-thumbnail=\"https:\/\/www.royalpalacehotelspa.com\/wp-content\/uploads\/2025\/10\/Facade-jour-Royal-Palace-Hotel-Spa-1024x512.jpg\" data-width=\"800\" data-height=\"400\" aria-label=\"\" role=\"img\" ><\/div>\n\t\t\t\t\t\t\t\t\t\t\t<div class=\"elementor-gallery-item__overlay\"><\/div>\n\t\t\t\t\t\t\t\t\t\t\t\t\t\t<\/a>\n\t\t\t\t\t\t\t<a class=\"e-gallery-item elementor-gallery-item elementor-animated-content\" href=\"https:\/\/www.royalpalacehotelspa.com\/wp-content\/uploads\/2025\/10\/Royal-Palace-Hotel-Spa-Chambre.png\" data-elementor-open-lightbox=\"yes\" data-elementor-lightbox-slideshow=\"54257d5\" data-e-action-hash=\"#elementor-action%3Aaction%3Dlightbox%26settings%3DeyJpZCI6MTczOSwidXJsIjoiaHR0cHM6XC9cL3d3dy5yb3lhbHBhbGFjZWhvdGVsc3BhLmNvbVwvd3AtY29udGVudFwvdXBsb2Fkc1wvMjAyNVwvMTBcL1JveWFsLVBhbGFjZS1Ib3RlbC1TcGEtQ2hhbWJyZS5wbmciLCJzbGlkZXNob3ciOiI1NDI1N2Q1In0%3D\">\n\t\t\t\t\t<div class=\"e-gallery-image elementor-gallery-item__image\" data-thumbnail=\"https:\/\/www.royalpalacehotelspa.com\/wp-content\/uploads\/2025\/10\/Royal-Palace-Hotel-Spa-Chambre-1024x512.png\" data-width=\"800\" data-height=\"400\" aria-label=\"\" role=\"img\" ><\/div>\n\t\t\t\t\t\t\t\t\t\t\t<div class=\"elementor-gallery-item__overlay\"><\/div>\n\t\t\t\t\t\t\t\t\t\t\t\t\t\t<\/a>\n\t\t\t\t\t\t\t<a class=\"e-gallery-item elementor-gallery-item elementor-animated-content\" href=\"https:\/\/www.royalpalacehotelspa.com\/wp-content\/uploads\/2025\/10\/Royal-Palace-Hotel-Spa-Suite.jpg\" data-elementor-open-lightbox=\"yes\" data-elementor-lightbox-slideshow=\"54257d5\" data-e-action-hash=\"#elementor-action%3Aaction%3Dlightbox%26settings%3DeyJpZCI6MTc0NiwidXJsIjoiaHR0cHM6XC9cL3d3dy5yb3lhbHBhbGFjZWhvdGVsc3BhLmNvbVwvd3AtY29udGVudFwvdXBsb2Fkc1wvMjAyNVwvMTBcL1JveWFsLVBhbGFjZS1Ib3RlbC1TcGEtU3VpdGUuanBnIiwic2xpZGVzaG93IjoiNTQyNTdkNSJ9\">\n\t\t\t\t\t<div class=\"e-gallery-image elementor-gallery-item__image\" data-thumbnail=\"https:\/\/www.royalpalacehotelspa.com\/wp-content\/uploads\/2025\/10\/Royal-Palace-Hotel-Spa-Suite-1024x512.jpg\" data-width=\"800\" data-height=\"400\" aria-label=\"\" role=\"img\" ><\/div>\n\t\t\t\t\t\t\t\t\t\t\t<div class=\"elementor-gallery-item__overlay\"><\/div>\n\t\t\t\t\t\t\t\t\t\t\t\t\t\t<\/a>\n\t\t\t\t\t\t\t<a class=\"e-gallery-item elementor-gallery-item elementor-animated-content\" href=\"https:\/\/www.royalpalacehotelspa.com\/wp-content\/uploads\/2025\/10\/Royal-Palace-Hotel-Spa-SDB.jpg\" data-elementor-open-lightbox=\"yes\" data-elementor-lightbox-slideshow=\"54257d5\" data-e-action-hash=\"#elementor-action%3Aaction%3Dlightbox%26settings%3DeyJpZCI6MTM4NCwidXJsIjoiaHR0cHM6XC9cL3d3dy5yb3lhbHBhbGFjZWhvdGVsc3BhLmNvbVwvd3AtY29udGVudFwvdXBsb2Fkc1wvMjAyNVwvMTBcL1JveWFsLVBhbGFjZS1Ib3RlbC1TcGEtU0RCLmpwZyIsInNsaWRlc2hvdyI6IjU0MjU3ZDUifQ%3D%3D\">\n\t\t\t\t\t<div class=\"e-gallery-image elementor-gallery-item__image\" data-thumbnail=\"https:\/\/www.royalpalacehotelspa.com\/wp-content\/uploads\/2025\/10\/Royal-Palace-Hotel-Spa-SDB-1024x512.jpg\" data-width=\"800\" data-height=\"400\" aria-label=\"Royal Palace Hotel &amp; Spa Cabine de soin\" role=\"img\" ><\/div>\n\t\t\t\t\t\t\t\t\t\t\t<div class=\"elementor-gallery-item__overlay\"><\/div>\n\t\t\t\t\t\t\t\t\t\t\t\t\t\t<\/a>\n\t\t\t\t\t\t\t<a class=\"e-gallery-item elementor-gallery-item elementor-animated-content\" href=\"https:\/\/www.royalpalacehotelspa.com\/wp-content\/uploads\/2025\/10\/Royal-Palace-Hotel-Spa-Piscine.jpg\" data-elementor-open-lightbox=\"yes\" data-elementor-lightbox-slideshow=\"54257d5\" data-e-action-hash=\"#elementor-action%3Aaction%3Dlightbox%26settings%3DeyJpZCI6MTM4MywidXJsIjoiaHR0cHM6XC9cL3d3dy5yb3lhbHBhbGFjZWhvdGVsc3BhLmNvbVwvd3AtY29udGVudFwvdXBsb2Fkc1wvMjAyNVwvMTBcL1JveWFsLVBhbGFjZS1Ib3RlbC1TcGEtUGlzY2luZS5qcGciLCJzbGlkZXNob3ciOiI1NDI1N2Q1In0%3D\">\n\t\t\t\t\t<div class=\"e-gallery-image elementor-gallery-item__image\" data-thumbnail=\"https:\/\/www.royalpalacehotelspa.com\/wp-content\/uploads\/2025\/10\/Royal-Palace-Hotel-Spa-Piscine-1024x512.jpg\" data-width=\"800\" data-height=\"400\" aria-label=\"\" role=\"img\" ><\/div>\n\t\t\t\t\t\t\t\t\t\t\t<div class=\"elementor-gallery-item__overlay\"><\/div>\n\t\t\t\t\t\t\t\t\t\t\t\t\t\t<\/a>\n\t\t\t\t\t\t\t<a class=\"e-gallery-item elementor-gallery-item elementor-animated-content\" href=\"https:\/\/www.royalpalacehotelspa.com\/wp-content\/uploads\/2025\/10\/Royal-Palace-Hotel-Spa-Chambre.jpg\" data-elementor-open-lightbox=\"yes\" data-elementor-lightbox-slideshow=\"54257d5\" data-e-action-hash=\"#elementor-action%3Aaction%3Dlightbox%26settings%3DeyJpZCI6NDgzNCwidXJsIjoiaHR0cHM6XC9cL3d3dy5yb3lhbHBhbGFjZWhvdGVsc3BhLmNvbVwvd3AtY29udGVudFwvdXBsb2Fkc1wvMjAyNVwvMTBcL1JveWFsLVBhbGFjZS1Ib3RlbC1TcGEtQ2hhbWJyZS5qcGciLCJzbGlkZXNob3ciOiI1NDI1N2Q1In0%3D\">\n\t\t\t\t\t<div class=\"e-gallery-image elementor-gallery-item__image\" data-thumbnail=\"https:\/\/www.royalpalacehotelspa.com\/wp-content\/uploads\/2025\/10\/Royal-Palace-Hotel-Spa-Chambre-1024x576.jpg\" data-width=\"800\" data-height=\"450\" aria-label=\"\" role=\"img\" ><\/div>\n\t\t\t\t\t\t\t\t\t\t\t<div class=\"elementor-gallery-item__overlay\"><\/div>\n\t\t\t\t\t\t\t\t\t\t\t\t\t\t<\/a>\n\t\t\t\t\t\t\t<a class=\"e-gallery-item elementor-gallery-item elementor-animated-content\" href=\"https:\/\/www.royalpalacehotelspa.com\/wp-content\/uploads\/2025\/10\/Royal-Palace-Hotel-Spa-Accueil.jpg\" data-elementor-open-lightbox=\"yes\" data-elementor-lightbox-slideshow=\"54257d5\" data-e-action-hash=\"#elementor-action%3Aaction%3Dlightbox%26settings%3DeyJpZCI6NDgzNSwidXJsIjoiaHR0cHM6XC9cL3d3dy5yb3lhbHBhbGFjZWhvdGVsc3BhLmNvbVwvd3AtY29udGVudFwvdXBsb2Fkc1wvMjAyNVwvMTBcL1JveWFsLVBhbGFjZS1Ib3RlbC1TcGEtQWNjdWVpbC5qcGciLCJzbGlkZXNob3ciOiI1NDI1N2Q1In0%3D\">\n\t\t\t\t\t<div class=\"e-gallery-image elementor-gallery-item__image\" data-thumbnail=\"https:\/\/www.royalpalacehotelspa.com\/wp-content\/uploads\/2025\/10\/Royal-Palace-Hotel-Spa-Accueil-1024x512.jpg\" data-width=\"800\" data-height=\"400\" aria-label=\"\" role=\"img\" ><\/div>\n\t\t\t\t\t\t\t\t\t\t\t<div class=\"elementor-gallery-item__overlay\"><\/div>\n\t\t\t\t\t\t\t\t\t\t\t\t\t\t<\/a>\n\t\t\t\t\t\t\t<a class=\"e-gallery-item elementor-gallery-item elementor-animated-content\" href=\"https:\/\/www.royalpalacehotelspa.com\/wp-content\/uploads\/2025\/10\/Royal-Palace-Hotel-Spa-Bar.jpg\" data-elementor-open-lightbox=\"yes\" data-elementor-lightbox-slideshow=\"54257d5\" data-e-action-hash=\"#elementor-action%3Aaction%3Dlightbox%26settings%3DeyJpZCI6MTM4MiwidXJsIjoiaHR0cHM6XC9cL3d3dy5yb3lhbHBhbGFjZWhvdGVsc3BhLmNvbVwvd3AtY29udGVudFwvdXBsb2Fkc1wvMjAyNVwvMTBcL1JveWFsLVBhbGFjZS1Ib3RlbC1TcGEtQmFyLmpwZyIsInNsaWRlc2hvdyI6IjU0MjU3ZDUifQ%3D%3D\">\n\t\t\t\t\t<div class=\"e-gallery-image elementor-gallery-item__image\" data-thumbnail=\"https:\/\/www.royalpalacehotelspa.com\/wp-content\/uploads\/2025\/10\/Royal-Palace-Hotel-Spa-Bar-1024x512.jpg\" data-width=\"800\" data-height=\"400\" aria-label=\"\" role=\"img\" ><\/div>\n\t\t\t\t\t\t\t\t\t\t\t<div class=\"elementor-gallery-item__overlay\"><\/div>\n\t\t\t\t\t\t\t\t\t\t\t\t\t\t<\/a>\n\t\t\t\t\t\t\t<a class=\"e-gallery-item elementor-gallery-item elementor-animated-content\" href=\"https:\/\/www.royalpalacehotelspa.com\/wp-content\/uploads\/2025\/10\/Royal-Palace-Hotel-Spa-LOBBY.jpeg\" data-elementor-open-lightbox=\"yes\" data-elementor-lightbox-slideshow=\"54257d5\" data-e-action-hash=\"#elementor-action%3Aaction%3Dlightbox%26settings%3DeyJpZCI6MTM5MiwidXJsIjoiaHR0cHM6XC9cL3d3dy5yb3lhbHBhbGFjZWhvdGVsc3BhLmNvbVwvd3AtY29udGVudFwvdXBsb2Fkc1wvMjAyNVwvMTBcL1JveWFsLVBhbGFjZS1Ib3RlbC1TcGEtTE9CQlkuanBlZyIsInNsaWRlc2hvdyI6IjU0MjU3ZDUifQ%3D%3D\">\n\t\t\t\t\t<div class=\"e-gallery-image elementor-gallery-item__image\" data-thumbnail=\"https:\/\/www.royalpalacehotelspa.com\/wp-content\/uploads\/2025\/10\/Royal-Palace-Hotel-Spa-LOBBY-1024x819.jpeg\" data-width=\"800\" data-height=\"640\" aria-label=\"\" role=\"img\" ><\/div>\n\t\t\t\t\t\t\t\t\t\t\t<div class=\"elementor-gallery-item__overlay\"><\/div>\n\t\t\t\t\t\t\t\t\t\t\t\t\t\t<\/a>\n\t\t\t\t\t\t\t<a class=\"e-gallery-item elementor-gallery-item elementor-animated-content\" href=\"https:\/\/www.royalpalacehotelspa.com\/wp-content\/uploads\/2025\/10\/Royal-Palace-Hotel-Spa-Chambre-2.png\" data-elementor-open-lightbox=\"yes\" data-elementor-lightbox-slideshow=\"54257d5\" data-e-action-hash=\"#elementor-action%3Aaction%3Dlightbox%26settings%3DeyJpZCI6MTc0MCwidXJsIjoiaHR0cHM6XC9cL3d3dy5yb3lhbHBhbGFjZWhvdGVsc3BhLmNvbVwvd3AtY29udGVudFwvdXBsb2Fkc1wvMjAyNVwvMTBcL1JveWFsLVBhbGFjZS1Ib3RlbC1TcGEtQ2hhbWJyZS0yLnBuZyIsInNsaWRlc2hvdyI6IjU0MjU3ZDUifQ%3D%3D\">\n\t\t\t\t\t<div class=\"e-gallery-image elementor-gallery-item__image\" data-thumbnail=\"https:\/\/www.royalpalacehotelspa.com\/wp-content\/uploads\/2025\/10\/Royal-Palace-Hotel-Spa-Chambre-2-1024x512.png\" data-width=\"800\" data-height=\"400\" aria-label=\"Chambre Deluxe th\u00e8me cabaret\" role=\"img\" ><\/div>\n\t\t\t\t\t\t\t\t\t\t\t<div class=\"elementor-gallery-item__overlay\"><\/div>\n\t\t\t\t\t\t\t\t\t\t\t\t\t\t<\/a>\n\t\t\t\t\t\t\t<a class=\"e-gallery-item elementor-gallery-item elementor-animated-content\" href=\"https:\/\/www.royalpalacehotelspa.com\/wp-content\/uploads\/2025\/10\/Royal-Palace-Hotel-Spa-Chambre-Cote-Lits.jpg\" data-elementor-open-lightbox=\"yes\" data-elementor-lightbox-slideshow=\"54257d5\" data-e-action-hash=\"#elementor-action%3Aaction%3Dlightbox%26settings%3DeyJpZCI6MTc0MSwidXJsIjoiaHR0cHM6XC9cL3d3dy5yb3lhbHBhbGFjZWhvdGVsc3BhLmNvbVwvd3AtY29udGVudFwvdXBsb2Fkc1wvMjAyNVwvMTBcL1JveWFsLVBhbGFjZS1Ib3RlbC1TcGEtQ2hhbWJyZS1Db3RlLUxpdHMuanBnIiwic2xpZGVzaG93IjoiNTQyNTdkNSJ9\">\n\t\t\t\t\t<div class=\"e-gallery-image elementor-gallery-item__image\" data-thumbnail=\"https:\/\/www.royalpalacehotelspa.com\/wp-content\/uploads\/2025\/10\/Royal-Palace-Hotel-Spa-Chambre-Cote-Lits-1024x576.jpg\" data-width=\"800\" data-height=\"450\" aria-label=\"Chambre Deluxe Cabaret vue twin\" role=\"img\" ><\/div>\n\t\t\t\t\t\t\t\t\t\t\t<div class=\"elementor-gallery-item__overlay\"><\/div>\n\t\t\t\t\t\t\t\t\t\t\t\t\t\t<\/a>\n\t\t\t\t\t\t\t<a class=\"e-gallery-item elementor-gallery-item elementor-animated-content\" href=\"https:\/\/www.royalpalacehotelspa.com\/wp-content\/uploads\/2025\/10\/Royal-Palace-Hotel-Spa-Chambre-Cote-Bureau.jpg\" data-elementor-open-lightbox=\"yes\" data-elementor-lightbox-slideshow=\"54257d5\" data-e-action-hash=\"#elementor-action%3Aaction%3Dlightbox%26settings%3DeyJpZCI6MTc0MiwidXJsIjoiaHR0cHM6XC9cL3d3dy5yb3lhbHBhbGFjZWhvdGVsc3BhLmNvbVwvd3AtY29udGVudFwvdXBsb2Fkc1wvMjAyNVwvMTBcL1JveWFsLVBhbGFjZS1Ib3RlbC1TcGEtQ2hhbWJyZS1Db3RlLUJ1cmVhdS5qcGciLCJzbGlkZXNob3ciOiI1NDI1N2Q1In0%3D\">\n\t\t\t\t\t<div class=\"e-gallery-image elementor-gallery-item__image\" data-thumbnail=\"https:\/\/www.royalpalacehotelspa.com\/wp-content\/uploads\/2025\/10\/Royal-Palace-Hotel-Spa-Chambre-Cote-Bureau-1024x576.jpg\" data-width=\"800\" data-height=\"450\" aria-label=\"Chambre th\u00e8me cabaret vue bureau\" role=\"img\" ><\/div>\n\t\t\t\t\t\t\t\t\t\t\t<div class=\"elementor-gallery-item__overlay\"><\/div>\n\t\t\t\t\t\t\t\t\t\t\t\t\t\t<\/a>\n\t\t\t\t\t<\/div>\n\t\t\t\t\t<\/div>\n\t\t\t\t<\/div>\n\t\t\t\t<\/div>\n\t\t","protected":false},"excerpt":{"rendered":"","protected":false},"author":1,"featured_media":0,"parent":0,"menu_order":0,"comment_status":"closed","ping_status":"closed","template":"","meta":{"footnotes":""},"class_list":["post-4559","page","type-page","status-publish","hentry"],"aioseo_notices":[],"_links":{"self":[{"href":"https:\/\/www.royalpalacehotelspa.com\/de\/wp-json\/wp\/v2\/pages\/4559","targetHints":{"allow":["GET"]}}],"collection":[{"href":"https:\/\/www.royalpalacehotelspa.com\/de\/wp-json\/wp\/v2\/pages"}],"about":[{"href":"https:\/\/www.royalpalacehotelspa.com\/de\/wp-json\/wp\/v2\/types\/page"}],"author":[{"embeddable":true,"href":"https:\/\/www.royalpalacehotelspa.com\/de\/wp-json\/wp\/v2\/users\/1"}],"replies":[{"embeddable":true,"href":"https:\/\/www.royalpalacehotelspa.com\/de\/wp-json\/wp\/v2\/comments?post=4559"}],"version-history":[{"count":2,"href":"https:\/\/www.royalpalacehotelspa.com\/de\/wp-json\/wp\/v2\/pages\/4559\/revisions"}],"predecessor-version":[{"id":5477,"href":"https:\/\/www.royalpalacehotelspa.com\/de\/wp-json\/wp\/v2\/pages\/4559\/revisions\/5477"}],"wp:attachment":[{"href":"https:\/\/www.royalpalacehotelspa.com\/de\/wp-json\/wp\/v2\/media?parent=4559"}],"curies":[{"name":"wp","href":"https:\/\/api.w.org\/{rel}","templated":true}]}}