{"id":4547,"date":"2026-02-27T17:15:11","date_gmt":"2026-02-27T16:15:11","guid":{"rendered":"https:\/\/www.royalpalacehotelspa.com\/nos-engagements\/"},"modified":"2026-03-06T15:02:33","modified_gmt":"2026-03-06T14:02:33","slug":"unsere-verpflichtungen","status":"publish","type":"page","link":"https:\/\/www.royalpalacehotelspa.com\/de\/unsere-verpflichtungen\/","title":{"rendered":"Unsere Verpflichtungen"},"content":{"rendered":"\t\t<div data-elementor-type=\"wp-page\" data-elementor-id=\"4547\" class=\"elementor elementor-4547 elementor-3709\" data-elementor-post-type=\"page\">\n\t\t\t\t<div class=\"elementor-element elementor-element-a708d41 e-con-full e-flex e-con e-parent\" data-id=\"a708d41\" data-element_type=\"container\" data-e-type=\"container\" data-settings=\"{&quot;background_background&quot;:&quot;classic&quot;}\">\n\t\t<div class=\"elementor-element elementor-element-b215475 e-con-full e-flex e-con e-child\" data-id=\"b215475\" data-element_type=\"container\" data-e-type=\"container\">\n\t\t\t\t<\/div>\n\t\t<div class=\"elementor-element elementor-element-15dd0e9 e-con-full e-flex e-con e-child\" data-id=\"15dd0e9\" data-element_type=\"container\" data-e-type=\"container\">\n\t\t\t\t<div class=\"elementor-element elementor-element-c53cd0c elementor-widget elementor-widget-text-editor\" data-id=\"c53cd0c\" data-element_type=\"widget\" data-e-type=\"widget\" data-widget_type=\"text-editor.default\">\n\t\t\t\t\t\t\t\t\t<p>Im Royal Palace Hotel &amp; Spa werden unsere Werte in jedem Moment lebendig, um Sie auf allen Etappen Ihres Aufenthalts zu begleiten.<\/p>\t\t\t\t\t\t\t\t<\/div>\n\t\t\t\t<div class=\"elementor-element elementor-element-79b4c4f elementor-view-default elementor-widget elementor-widget-icon\" data-id=\"79b4c4f\" data-element_type=\"widget\" data-e-type=\"widget\" data-widget_type=\"icon.default\">\n\t\t\t\t\t\t\t<div class=\"elementor-icon-wrapper\">\n\t\t\t<div class=\"elementor-icon\">\n\t\t\t<svg xmlns=\"http:\/\/www.w3.org\/2000\/svg\" id=\"Calque_1\" viewBox=\"0 0 22.7 22.7\"><path id=\"Trac&#xE9;_69\" d=\"M11.3,1.4L.7,11.5l10.6,9.8,10.7-9.8L11.3,1.4Z\"><\/path><\/svg>\t\t\t<\/div>\n\t\t<\/div>\n\t\t\t\t\t\t<\/div>\n\t\t\t\t<\/div>\n\t\t<div class=\"elementor-element elementor-element-23b5ed8 e-con-full e-flex e-con e-child\" data-id=\"23b5ed8\" data-element_type=\"container\" data-e-type=\"container\">\n\t\t\t\t<\/div>\n\t\t\t\t<\/div>\n\t\t<div class=\"elementor-element elementor-element-46f6cf7 e-con-full e-flex e-con e-parent\" data-id=\"46f6cf7\" data-element_type=\"container\" data-e-type=\"container\" data-settings=\"{&quot;background_background&quot;:&quot;classic&quot;}\">\n\t\t\t\t<div class=\"elementor-element elementor-element-50ce6ec elementor-widget elementor-widget-spacer\" data-id=\"50ce6ec\" data-element_type=\"widget\" data-e-type=\"widget\" data-widget_type=\"spacer.default\">\n\t\t\t\t\t\t\t<div class=\"elementor-spacer\">\n\t\t\t<div class=\"elementor-spacer-inner\"><\/div>\n\t\t<\/div>\n\t\t\t\t\t\t<\/div>\n\t\t\t\t<\/div>\n\t\t<div class=\"elementor-element elementor-element-9ee768e e-con-full e-flex e-con e-parent\" data-id=\"9ee768e\" data-element_type=\"container\" data-e-type=\"container\">\n\t\t<div class=\"elementor-element elementor-element-3771c84 e-con-full e-flex e-con e-child\" data-id=\"3771c84\" data-element_type=\"container\" data-e-type=\"container\">\n\t\t<div class=\"elementor-element elementor-element-0d119e0 e-con-full e-flex e-con e-child\" data-id=\"0d119e0\" data-element_type=\"container\" data-e-type=\"container\">\n\t\t<div class=\"elementor-element elementor-element-f87b35c e-con-full e-flex e-con e-child\" data-id=\"f87b35c\" data-element_type=\"container\" data-e-type=\"container\">\n\t\t<div class=\"elementor-element elementor-element-9f5bba3 e-con-full e-flex e-con e-child\" data-id=\"9f5bba3\" data-element_type=\"container\" data-e-type=\"container\">\n\t\t\t\t<div class=\"elementor-element elementor-element-e16f5f7 elementor-widget elementor-widget-text-editor\" data-id=\"e16f5f7\" data-element_type=\"widget\" data-e-type=\"widget\" data-widget_type=\"text-editor.default\">\n\t\t\t\t\t\t\t\t\t<p><strong>Ein traumhaftes Erlebnis schenken<\/strong><\/p><p>Weil manche Anl\u00e4sse mehr verdienen als nur einen Aufenthalt, gestalten wir im Royal Palace Hotel &amp; Spa Erlebnisse, die dem Augenblick gerecht werden.<\/p><p>Jedes Detail ist sorgf\u00e4ltig durchdacht, um eine Auszeit au\u00dferhalb der Zeit zu schaffen , eine kostbare, einzigartige und unvergessliche Erinnerung.<\/p><p><strong>Die Authentizit\u00e4t eines Familienhauses weitergeben<\/strong><\/p><p>Das Royal Palace Hotel &amp; Spa ist vor allem ein familiengef\u00fchrtes Haus, gepr\u00e4gt von N\u00e4he, Aufrichtigkeit und dem Gedanken der Weitergabe von Generation zu Generation.<\/p><p>Wir pflegen eine authentische Gastfreundschaft, die auf menschlichen Beziehungen, pers\u00f6nlicher Aufmerksamkeit und nat\u00fcrlicher Eleganz beruht. Hier wird Luxus mit Selbstverst\u00e4ndlichkeit gelebt, im Einklang mit unserer Geschichte und dem Geist des Royal Palace.<\/p><p><strong>Im Einklang mit Umwelt und Region handeln<\/strong><\/p><p>Im Herzen einer idyllischen Landschaft setzen wir bewusst auf verantwortungsvolles Handeln, um traumhafte Erlebnisse mit dem Respekt vor Umwelt und Region zu verbinden.<\/p><p>In diesem Sinne st\u00fctzt sich unser Haus auf eine Kraft-W\u00e4rme-Kopplungsanlage, die es erm\u00f6glicht, die elektrische Energie des gesamten Komplexes eigenst\u00e4ndig zu erzeugen. Zudem bevorzugen wir kurze Lieferketten und arbeiten eng mit regionalen Produzenten zusammen.<\/p>\t\t\t\t\t\t\t\t<\/div>\n\t\t\t\t<\/div>\n\t\t\t\t<\/div>\n\t\t\t\t<\/div>\n\t\t<div class=\"elementor-element elementor-element-e7f6625 e-con-full e-flex elementor-invisible e-con e-child\" data-id=\"e7f6625\" data-element_type=\"container\" data-e-type=\"container\" data-settings=\"{&quot;background_background&quot;:&quot;classic&quot;,&quot;animation&quot;:&quot;fadeInRight&quot;}\">\n\t\t\t\t<\/div>\n\t\t\t\t<\/div>\n\t\t\t\t<\/div>\n\t\t<div class=\"elementor-element elementor-element-816bb72 e-con-full e-flex elementor-invisible e-con e-child\" data-id=\"816bb72\" data-element_type=\"container\" data-e-type=\"container\" data-settings=\"{&quot;background_background&quot;:&quot;classic&quot;,&quot;animation&quot;:&quot;fadeInUp&quot;}\">\n\t\t<div class=\"elementor-element elementor-element-91b084f e-flex e-con-boxed e-con e-child\" data-id=\"91b084f\" data-element_type=\"container\" data-e-type=\"container\">\n\t\t\t\t\t<div class=\"e-con-inner\">\n\t\t\t\t<div class=\"elementor-element elementor-element-a3f991a elementor-cta--skin-cover elementor-animated-content elementor-bg-transform elementor-bg-transform-zoom-in elementor-widget elementor-widget-call-to-action\" data-id=\"a3f991a\" data-element_type=\"widget\" data-e-type=\"widget\" data-widget_type=\"call-to-action.default\">\n\t\t\t\t\t\t\t<a class=\"elementor-cta\" href=\"https:\/\/www.royalpalacehotelspa.com\/restaurant-bar\/\">\n\t\t\t\t\t<div class=\"elementor-cta__bg-wrapper\">\n\t\t\t\t<div class=\"elementor-cta__bg elementor-bg\" style=\"background-image: url(https:\/\/www.royalpalacehotelspa.com\/wp-content\/uploads\/2025\/11\/Royal-Palace-Hotel-Spa-Restaurant-La-Plume-Gourmande-2-1024x512.jpg);\" role=\"img\" aria-label=\"Buffet restaurant La Plume Gourmande Kirrwiller\"><\/div>\n\t\t\t\t<div class=\"elementor-cta__bg-overlay\"><\/div>\n\t\t\t<\/div>\n\t\t\t\t\t\t\t<div class=\"elementor-cta__content\">\n\t\t\t\t\n\t\t\t\t\t\t\t\t\t<h3 class=\"elementor-cta__title elementor-cta__content-item elementor-content-item elementor-animated-item--grow\">\n\t\t\t\t\t\tRestaurant &amp; Bar\t\t\t\t\t<\/h3>\n\t\t\t\t\n\t\t\t\t\n\t\t\t\t\t\t\t<\/div>\n\t\t\t\t\t\t<\/a>\n\t\t\t\t\t\t<\/div>\n\t\t\t\t\t<\/div>\n\t\t\t\t<\/div>\n\t\t<div class=\"elementor-element elementor-element-9da796c e-flex e-con-boxed e-con e-child\" data-id=\"9da796c\" data-element_type=\"container\" data-e-type=\"container\">\n\t\t\t\t\t<div class=\"e-con-inner\">\n\t\t\t\t<div class=\"elementor-element elementor-element-0c545fb elementor-cta--skin-cover elementor-animated-content elementor-bg-transform elementor-bg-transform-zoom-in elementor-widget elementor-widget-call-to-action\" data-id=\"0c545fb\" data-element_type=\"widget\" data-e-type=\"widget\" data-widget_type=\"call-to-action.default\">\n\t\t\t\t\t\t\t<a class=\"elementor-cta\" href=\"https:\/\/www.royalpalacehotelspa.com\/spa-bien-etre\/\">\n\t\t\t\t\t<div class=\"elementor-cta__bg-wrapper\">\n\t\t\t\t<div class=\"elementor-cta__bg elementor-bg\" style=\"background-image: url(https:\/\/www.royalpalacehotelspa.com\/wp-content\/uploads\/2025\/10\/Royal-Palace-Hotel-Spa-Piscine-1024x512.jpg);\" role=\"img\" aria-label=\"#image_title\"><\/div>\n\t\t\t\t<div class=\"elementor-cta__bg-overlay\"><\/div>\n\t\t\t<\/div>\n\t\t\t\t\t\t\t<div class=\"elementor-cta__content\">\n\t\t\t\t\n\t\t\t\t\t\t\t\t\t<h3 class=\"elementor-cta__title elementor-cta__content-item elementor-content-item elementor-animated-item--grow\">\n\t\t\t\t\t\tWellness &amp; Spa\t\t\t\t\t<\/h3>\n\t\t\t\t\n\t\t\t\t\n\t\t\t\t\t\t\t<\/div>\n\t\t\t\t\t\t<\/a>\n\t\t\t\t\t\t<\/div>\n\t\t\t\t\t<\/div>\n\t\t\t\t<\/div>\n\t\t<div class=\"elementor-element elementor-element-13c9845 e-flex e-con-boxed e-con e-child\" data-id=\"13c9845\" data-element_type=\"container\" data-e-type=\"container\">\n\t\t\t\t\t<div class=\"e-con-inner\">\n\t\t\t\t<div class=\"elementor-element elementor-element-e85dfda elementor-cta--skin-cover elementor-animated-content elementor-bg-transform elementor-bg-transform-zoom-in elementor-widget elementor-widget-call-to-action\" data-id=\"e85dfda\" data-element_type=\"widget\" data-e-type=\"widget\" data-widget_type=\"call-to-action.default\">\n\t\t\t\t\t\t\t<a class=\"elementor-cta\" href=\"https:\/\/www.royalpalacehotelspa.com\/royal-palace-music-hall\/\" target=\"_blank\">\n\t\t\t\t\t<div class=\"elementor-cta__bg-wrapper\">\n\t\t\t\t<div class=\"elementor-cta__bg elementor-bg\" style=\"background-image: url(https:\/\/www.royalpalacehotelspa.com\/wp-content\/uploads\/2026\/02\/Parfum_detoiles_fianl-1024x512.jpg);\" role=\"img\" aria-label=\"#image_title\"><\/div>\n\t\t\t\t<div class=\"elementor-cta__bg-overlay\"><\/div>\n\t\t\t<\/div>\n\t\t\t\t\t\t\t<div class=\"elementor-cta__content\">\n\t\t\t\t\n\t\t\t\t\t\t\t\t\t<h3 class=\"elementor-cta__title elementor-cta__content-item elementor-content-item elementor-animated-item--grow\">\n\t\t\t\t\t\tRoyal Palace Music-Hall\t\t\t\t\t<\/h3>\n\t\t\t\t\n\t\t\t\t\n\t\t\t\t\t\t\t<\/div>\n\t\t\t\t\t\t<\/a>\n\t\t\t\t\t\t<\/div>\n\t\t\t\t\t<\/div>\n\t\t\t\t<\/div>\n\t\t\t\t<\/div>\n\t\t\t\t<\/div>\n\t\t","protected":false},"excerpt":{"rendered":"<p>Im Royal Palace Hotel &amp; Spa werden unsere Werte in jedem Moment lebendig, um Sie auf allen Etappen Ihres Aufenthalts zu begleiten. Ein traumhaftes Erlebnis schenken Weil manche Anl\u00e4sse mehr verdienen als nur einen Aufenthalt, gestalten wir im Royal Palace Hotel &amp; Spa Erlebnisse, die dem Augenblick gerecht werden. Jedes Detail ist sorgf\u00e4ltig durchdacht, um [&hellip;]<\/p>\n","protected":false},"author":1,"featured_media":1392,"parent":0,"menu_order":0,"comment_status":"closed","ping_status":"closed","template":"","meta":{"footnotes":""},"class_list":["post-4547","page","type-page","status-publish","has-post-thumbnail","hentry"],"aioseo_notices":[],"_links":{"self":[{"href":"https:\/\/www.royalpalacehotelspa.com\/de\/wp-json\/wp\/v2\/pages\/4547","targetHints":{"allow":["GET"]}}],"collection":[{"href":"https:\/\/www.royalpalacehotelspa.com\/de\/wp-json\/wp\/v2\/pages"}],"about":[{"href":"https:\/\/www.royalpalacehotelspa.com\/de\/wp-json\/wp\/v2\/types\/page"}],"author":[{"embeddable":true,"href":"https:\/\/www.royalpalacehotelspa.com\/de\/wp-json\/wp\/v2\/users\/1"}],"replies":[{"embeddable":true,"href":"https:\/\/www.royalpalacehotelspa.com\/de\/wp-json\/wp\/v2\/comments?post=4547"}],"version-history":[{"count":7,"href":"https:\/\/www.royalpalacehotelspa.com\/de\/wp-json\/wp\/v2\/pages\/4547\/revisions"}],"predecessor-version":[{"id":5115,"href":"https:\/\/www.royalpalacehotelspa.com\/de\/wp-json\/wp\/v2\/pages\/4547\/revisions\/5115"}],"wp:featuredmedia":[{"embeddable":true,"href":"https:\/\/www.royalpalacehotelspa.com\/de\/wp-json\/wp\/v2\/media\/1392"}],"wp:attachment":[{"href":"https:\/\/www.royalpalacehotelspa.com\/de\/wp-json\/wp\/v2\/media?parent=4547"}],"curies":[{"name":"wp","href":"https:\/\/api.w.org\/{rel}","templated":true}]}}