{"id":4542,"date":"2026-02-27T17:15:11","date_gmt":"2026-02-27T16:15:11","guid":{"rendered":"https:\/\/www.royalpalacehotelspa.com\/histoire\/"},"modified":"2026-03-09T14:11:32","modified_gmt":"2026-03-09T13:11:32","slug":"geschichte","status":"publish","type":"page","link":"https:\/\/www.royalpalacehotelspa.com\/de\/geschichte\/","title":{"rendered":"Geschichte"},"content":{"rendered":"\t\t<div data-elementor-type=\"wp-page\" data-elementor-id=\"4542\" class=\"elementor elementor-4542 elementor-3512\" data-elementor-post-type=\"page\">\n\t\t\t\t<div class=\"elementor-element elementor-element-cb1c3c3 e-con-full e-flex e-con e-parent\" data-id=\"cb1c3c3\" data-element_type=\"container\" data-e-type=\"container\">\n\t\t<div class=\"elementor-element elementor-element-d918373 e-con-full e-flex e-con e-child\" data-id=\"d918373\" data-element_type=\"container\" data-e-type=\"container\">\n\t\t<div class=\"elementor-element elementor-element-0d2a9bc e-con-full e-flex e-con e-child\" data-id=\"0d2a9bc\" data-element_type=\"container\" data-e-type=\"container\">\n\t\t<div class=\"elementor-element elementor-element-9b2ef8e e-con-full e-flex e-con e-child\" data-id=\"9b2ef8e\" data-element_type=\"container\" data-e-type=\"container\">\n\t\t<div class=\"elementor-element elementor-element-ad4f156 e-con-full e-flex e-con e-child\" data-id=\"ad4f156\" data-element_type=\"container\" data-e-type=\"container\">\n\t\t\t\t<div class=\"elementor-element elementor-element-a3b9828 elementor-hidden-desktop elementor-hidden-tablet elementor-hidden-mobile elementor-view-default elementor-widget elementor-widget-icon\" data-id=\"a3b9828\" data-element_type=\"widget\" data-e-type=\"widget\" data-widget_type=\"icon.default\">\n\t\t\t\t\t\t\t<div class=\"elementor-icon-wrapper\">\n\t\t\t<div class=\"elementor-icon\">\n\t\t\t<svg xmlns=\"http:\/\/www.w3.org\/2000\/svg\" id=\"Calque_1\" viewBox=\"0 0 22.7 22.7\"><path id=\"Trac&#xE9;_69\" d=\"M11.3,1.4L.7,11.5l10.6,9.8,10.7-9.8L11.3,1.4Z\"><\/path><\/svg>\t\t\t<\/div>\n\t\t<\/div>\n\t\t\t\t\t\t<\/div>\n\t\t\t\t<div class=\"elementor-element elementor-element-3e3b55a title_left_puce elementor-widget elementor-widget-heading\" data-id=\"3e3b55a\" data-element_type=\"widget\" data-e-type=\"widget\" data-widget_type=\"heading.default\">\n\t\t\t\t\t<h2 class=\"elementor-heading-title elementor-size-default\"><span class=\"icon_square left\"><\/span>Der K\u00f6nigspalast, ein\nFamilienerbe<\/h2>\t\t\t\t<\/div>\n\t\t\t\t<\/div>\n\t\t<div class=\"elementor-element elementor-element-d77b4c9 e-con-full e-flex e-con e-child\" data-id=\"d77b4c9\" data-element_type=\"container\" data-e-type=\"container\">\n\t\t\t\t<div class=\"elementor-element elementor-element-f5d12e7 elementor-widget elementor-widget-text-editor\" data-id=\"f5d12e7\" data-element_type=\"widget\" data-e-type=\"widget\" data-widget_type=\"text-editor.default\">\n\t\t\t\t\t\t\t\t\t<p><strong>Der Beginn eines spektakul\u00e4ren Abenteuers (1980)<\/strong><\/p><p>Die Geschichte des Music-Halls beginnt im Jahre 1980 mit der \u00dcbernahme des Restaurants \u201eAdam Meyer\u201c durch Pierre Meyer und seine Ehefrau Cathy. Aus der Idee einer kleinen B\u00fchne entstehen erste erfolgreiche Shows.<\/p>\t\t\t\t\t\t\t\t<\/div>\n\t\t\t\t<\/div>\n\t\t\t\t<\/div>\n\t\t\t\t<\/div>\n\t\t<div class=\"elementor-element elementor-element-f5b52d0 e-con-full e-flex elementor-invisible e-con e-child\" data-id=\"f5b52d0\" data-element_type=\"container\" data-e-type=\"container\" data-settings=\"{&quot;background_background&quot;:&quot;slideshow&quot;,&quot;background_motion_fx_translateY_effect&quot;:&quot;yes&quot;,&quot;background_slideshow_gallery&quot;:[{&quot;id&quot;:4827,&quot;url&quot;:&quot;https:\\\/\\\/www.royalpalacehotelspa.com\\\/wp-content\\\/uploads\\\/2026\\\/02\\\/Archive-Royal-Palace.jpeg&quot;}],&quot;animation&quot;:&quot;fadeInRight&quot;,&quot;background_motion_fx_translateY_speed&quot;:{&quot;unit&quot;:&quot;px&quot;,&quot;size&quot;:4,&quot;sizes&quot;:[]},&quot;background_motion_fx_translateY_affectedRange&quot;:{&quot;unit&quot;:&quot;%&quot;,&quot;size&quot;:&quot;&quot;,&quot;sizes&quot;:{&quot;start&quot;:0,&quot;end&quot;:100}},&quot;background_motion_fx_devices&quot;:[&quot;desktop&quot;,&quot;tablet&quot;,&quot;mobile&quot;],&quot;background_slideshow_loop&quot;:&quot;yes&quot;,&quot;background_slideshow_slide_duration&quot;:5000,&quot;background_slideshow_slide_transition&quot;:&quot;fade&quot;,&quot;background_slideshow_transition_duration&quot;:500}\">\n\t\t\t\t<div class=\"elementor-element elementor-element-8371fb4 elementor-absolute elementor-view-default elementor-widget elementor-widget-icon\" data-id=\"8371fb4\" data-element_type=\"widget\" data-e-type=\"widget\" data-settings=\"{&quot;_position&quot;:&quot;absolute&quot;}\" data-widget_type=\"icon.default\">\n\t\t\t\t\t\t\t<div class=\"elementor-icon-wrapper\">\n\t\t\t<div class=\"elementor-icon\">\n\t\t\t<svg xmlns=\"http:\/\/www.w3.org\/2000\/svg\" id=\"Calque_1\" viewBox=\"0 0 22.7 22.7\"><path id=\"Trac&#xE9;_69\" d=\"M11.3,1.4L.7,11.5l10.6,9.8,10.7-9.8L11.3,1.4Z\"><\/path><\/svg>\t\t\t<\/div>\n\t\t<\/div>\n\t\t\t\t\t\t<\/div>\n\t\t\t\t<\/div>\n\t\t\t\t<\/div>\n\t\t<div class=\"elementor-element elementor-element-0258b4b e-con-full e-flex e-con e-child\" data-id=\"0258b4b\" data-element_type=\"container\" data-e-type=\"container\">\n\t\t<div class=\"elementor-element elementor-element-db24093 e-con-full e-flex elementor-invisible e-con e-child\" data-id=\"db24093\" data-element_type=\"container\" data-e-type=\"container\" data-settings=\"{&quot;background_background&quot;:&quot;slideshow&quot;,&quot;background_motion_fx_translateY_effect&quot;:&quot;yes&quot;,&quot;background_slideshow_gallery&quot;:[{&quot;id&quot;:4828,&quot;url&quot;:&quot;https:\\\/\\\/www.royalpalacehotelspa.com\\\/wp-content\\\/uploads\\\/2026\\\/02\\\/first_show.jpeg&quot;}],&quot;animation&quot;:&quot;fadeInLeft&quot;,&quot;background_motion_fx_translateY_speed&quot;:{&quot;unit&quot;:&quot;px&quot;,&quot;size&quot;:4,&quot;sizes&quot;:[]},&quot;background_motion_fx_translateY_affectedRange&quot;:{&quot;unit&quot;:&quot;%&quot;,&quot;size&quot;:&quot;&quot;,&quot;sizes&quot;:{&quot;start&quot;:0,&quot;end&quot;:100}},&quot;background_motion_fx_devices&quot;:[&quot;desktop&quot;,&quot;tablet&quot;,&quot;mobile&quot;],&quot;background_slideshow_loop&quot;:&quot;yes&quot;,&quot;background_slideshow_slide_duration&quot;:5000,&quot;background_slideshow_slide_transition&quot;:&quot;fade&quot;,&quot;background_slideshow_transition_duration&quot;:500}\">\n\t\t\t\t<div class=\"elementor-element elementor-element-3e18fe8 elementor-absolute elementor-view-default elementor-widget elementor-widget-icon\" data-id=\"3e18fe8\" data-element_type=\"widget\" data-e-type=\"widget\" data-settings=\"{&quot;_position&quot;:&quot;absolute&quot;}\" data-widget_type=\"icon.default\">\n\t\t\t\t\t\t\t<div class=\"elementor-icon-wrapper\">\n\t\t\t<div class=\"elementor-icon\">\n\t\t\t<svg xmlns=\"http:\/\/www.w3.org\/2000\/svg\" id=\"Calque_1\" viewBox=\"0 0 22.7 22.7\"><path id=\"Trac&#xE9;_69\" d=\"M11.3,1.4L.7,11.5l10.6,9.8,10.7-9.8L11.3,1.4Z\"><\/path><\/svg>\t\t\t<\/div>\n\t\t<\/div>\n\t\t\t\t\t\t<\/div>\n\t\t\t\t<\/div>\n\t\t<div class=\"elementor-element elementor-element-3f0bad2 e-con-full e-flex e-con e-child\" data-id=\"3f0bad2\" data-element_type=\"container\" data-e-type=\"container\">\n\t\t<div class=\"elementor-element elementor-element-42dd3df e-con-full e-flex e-con e-child\" data-id=\"42dd3df\" data-element_type=\"container\" data-e-type=\"container\">\n\t\t<div class=\"elementor-element elementor-element-e1ed886 e-con-full e-flex e-con e-child\" data-id=\"e1ed886\" data-element_type=\"container\" data-e-type=\"container\">\n\t\t\t\t<div class=\"elementor-element elementor-element-265de49 elementor-widget elementor-widget-text-editor\" data-id=\"265de49\" data-element_type=\"widget\" data-e-type=\"widget\" data-widget_type=\"text-editor.default\">\n\t\t\t\t\t\t\t\t\t<p><strong>1989: Investition von 1,5 Mio. \u20ac in eine 200 m\u00b2 gro\u00dfe B\u00fchne<\/strong><\/p><p>Im Jahre 1989 investiert Pierre Meyer 1,5 Millionen Euros in eine 200 m\u00b2 gro\u00dfe B\u00fchne mit hydraulischem Hubpodium.<\/p>\t\t\t\t\t\t\t\t<\/div>\n\t\t\t\t<\/div>\n\t\t\t\t<\/div>\n\t\t\t\t<\/div>\n\t\t\t\t<\/div>\n\t\t<div class=\"elementor-element elementor-element-c811215 e-con-full e-flex e-con e-child\" data-id=\"c811215\" data-element_type=\"container\" data-e-type=\"container\">\n\t\t<div class=\"elementor-element elementor-element-7859ff4 e-con-full e-flex e-con e-child\" data-id=\"7859ff4\" data-element_type=\"container\" data-e-type=\"container\">\n\t\t<div class=\"elementor-element elementor-element-006752a e-con-full e-flex e-con e-child\" data-id=\"006752a\" data-element_type=\"container\" data-e-type=\"container\">\n\t\t<div class=\"elementor-element elementor-element-7ebf763 e-con-full e-flex e-con e-child\" data-id=\"7ebf763\" data-element_type=\"container\" data-e-type=\"container\">\n\t\t\t\t<div class=\"elementor-element elementor-element-72a2f9d elementor-widget elementor-widget-text-editor\" data-id=\"72a2f9d\" data-element_type=\"widget\" data-e-type=\"widget\" data-widget_type=\"text-editor.default\">\n\t\t\t\t\t\t\t\t\t<p><strong>1996: Ein entscheidender Wendepunkt mit dem Bau eines Theaters mit 987 Sitzpl\u00e4tzen<\/strong><\/p><p>Getragen von vision\u00e4rem Geist gestaltet Pierre Meyer das Haus neu und l\u00e4sst ein gro\u00dfes Amphitheater mit 987 Sitzpl\u00e4tzen errichten. Dieses wird durch eine doppelt so gro\u00dfe B\u00fchne sowie durch die Erweiterung des Restaurants Le Majestic erg\u00e4nzt, das nun bis zu 800 G\u00e4ste empfangen kann. Zwei Jahre sp\u00e4ter \u00f6ffnet ein zweites Restaurant seine T\u00fcren: Le Versailles.<\/p>\t\t\t\t\t\t\t\t<\/div>\n\t\t\t\t<\/div>\n\t\t\t\t<\/div>\n\t\t\t\t<\/div>\n\t\t<div class=\"elementor-element elementor-element-122da78 e-con-full e-flex elementor-invisible e-con e-child\" data-id=\"122da78\" data-element_type=\"container\" data-e-type=\"container\" data-settings=\"{&quot;background_background&quot;:&quot;slideshow&quot;,&quot;background_motion_fx_translateY_effect&quot;:&quot;yes&quot;,&quot;background_slideshow_gallery&quot;:[{&quot;id&quot;:4829,&quot;url&quot;:&quot;https:\\\/\\\/www.royalpalacehotelspa.com\\\/wp-content\\\/uploads\\\/2026\\\/02\\\/construction_theatre-1996.jpg&quot;}],&quot;animation&quot;:&quot;fadeInRight&quot;,&quot;background_motion_fx_translateY_speed&quot;:{&quot;unit&quot;:&quot;px&quot;,&quot;size&quot;:4,&quot;sizes&quot;:[]},&quot;background_motion_fx_translateY_affectedRange&quot;:{&quot;unit&quot;:&quot;%&quot;,&quot;size&quot;:&quot;&quot;,&quot;sizes&quot;:{&quot;start&quot;:0,&quot;end&quot;:100}},&quot;background_motion_fx_devices&quot;:[&quot;desktop&quot;,&quot;tablet&quot;,&quot;mobile&quot;],&quot;background_slideshow_loop&quot;:&quot;yes&quot;,&quot;background_slideshow_slide_duration&quot;:5000,&quot;background_slideshow_slide_transition&quot;:&quot;fade&quot;,&quot;background_slideshow_transition_duration&quot;:500}\">\n\t\t\t\t<div class=\"elementor-element elementor-element-2af94f1 elementor-absolute elementor-view-default elementor-widget elementor-widget-icon\" data-id=\"2af94f1\" data-element_type=\"widget\" data-e-type=\"widget\" data-settings=\"{&quot;_position&quot;:&quot;absolute&quot;}\" data-widget_type=\"icon.default\">\n\t\t\t\t\t\t\t<div class=\"elementor-icon-wrapper\">\n\t\t\t<div class=\"elementor-icon\">\n\t\t\t<svg xmlns=\"http:\/\/www.w3.org\/2000\/svg\" id=\"Calque_1\" viewBox=\"0 0 22.7 22.7\"><path id=\"Trac&#xE9;_69\" d=\"M11.3,1.4L.7,11.5l10.6,9.8,10.7-9.8L11.3,1.4Z\"><\/path><\/svg>\t\t\t<\/div>\n\t\t<\/div>\n\t\t\t\t\t\t<\/div>\n\t\t\t\t<\/div>\n\t\t\t\t<\/div>\n\t\t<div class=\"elementor-element elementor-element-db24892 e-con-full e-flex e-con e-child\" data-id=\"db24892\" data-element_type=\"container\" data-e-type=\"container\">\n\t\t<div class=\"elementor-element elementor-element-5547ce4 e-con-full e-flex elementor-invisible e-con e-child\" data-id=\"5547ce4\" data-element_type=\"container\" data-e-type=\"container\" data-settings=\"{&quot;background_background&quot;:&quot;slideshow&quot;,&quot;background_motion_fx_translateY_effect&quot;:&quot;yes&quot;,&quot;background_slideshow_gallery&quot;:[{&quot;id&quot;:4830,&quot;url&quot;:&quot;https:\\\/\\\/www.royalpalacehotelspa.com\\\/wp-content\\\/uploads\\\/2026\\\/02\\\/Meyer-Pere-Fils.jpeg&quot;}],&quot;animation&quot;:&quot;fadeInLeft&quot;,&quot;background_motion_fx_translateY_speed&quot;:{&quot;unit&quot;:&quot;px&quot;,&quot;size&quot;:4,&quot;sizes&quot;:[]},&quot;background_motion_fx_translateY_affectedRange&quot;:{&quot;unit&quot;:&quot;%&quot;,&quot;size&quot;:&quot;&quot;,&quot;sizes&quot;:{&quot;start&quot;:0,&quot;end&quot;:100}},&quot;background_motion_fx_devices&quot;:[&quot;desktop&quot;,&quot;tablet&quot;,&quot;mobile&quot;],&quot;background_slideshow_loop&quot;:&quot;yes&quot;,&quot;background_slideshow_slide_duration&quot;:5000,&quot;background_slideshow_slide_transition&quot;:&quot;fade&quot;,&quot;background_slideshow_transition_duration&quot;:500}\">\n\t\t\t\t<div class=\"elementor-element elementor-element-0c7706f elementor-absolute elementor-view-default elementor-widget elementor-widget-icon\" data-id=\"0c7706f\" data-element_type=\"widget\" data-e-type=\"widget\" data-settings=\"{&quot;_position&quot;:&quot;absolute&quot;}\" data-widget_type=\"icon.default\">\n\t\t\t\t\t\t\t<div class=\"elementor-icon-wrapper\">\n\t\t\t<div class=\"elementor-icon\">\n\t\t\t<svg xmlns=\"http:\/\/www.w3.org\/2000\/svg\" id=\"Calque_1\" viewBox=\"0 0 22.7 22.7\"><path id=\"Trac&#xE9;_69\" d=\"M11.3,1.4L.7,11.5l10.6,9.8,10.7-9.8L11.3,1.4Z\"><\/path><\/svg>\t\t\t<\/div>\n\t\t<\/div>\n\t\t\t\t\t\t<\/div>\n\t\t\t\t<\/div>\n\t\t<div class=\"elementor-element elementor-element-9e14359 e-con-full e-flex e-con e-child\" data-id=\"9e14359\" data-element_type=\"container\" data-e-type=\"container\">\n\t\t<div class=\"elementor-element elementor-element-12175e8 e-con-full e-flex e-con e-child\" data-id=\"12175e8\" data-element_type=\"container\" data-e-type=\"container\">\n\t\t<div class=\"elementor-element elementor-element-f9e6c15 e-con-full e-flex e-con e-child\" data-id=\"f9e6c15\" data-element_type=\"container\" data-e-type=\"container\">\n\t\t\t\t<div class=\"elementor-element elementor-element-f987e5b elementor-widget elementor-widget-heading\" data-id=\"f987e5b\" data-element_type=\"widget\" data-e-type=\"widget\" data-widget_type=\"heading.default\">\n\t\t\t\t\t<h2 class=\"elementor-heading-title elementor-size-default\">Eine Leidenschaft von Vater zu Sohn<span class=\"icon_square right\"><\/span><\/h2>\t\t\t\t<\/div>\n\t\t\t\t<div class=\"elementor-element elementor-element-55c1766 elementor-hidden-desktop elementor-hidden-tablet elementor-hidden-mobile elementor-view-default elementor-widget elementor-widget-icon\" data-id=\"55c1766\" data-element_type=\"widget\" data-e-type=\"widget\" data-widget_type=\"icon.default\">\n\t\t\t\t\t\t\t<div class=\"elementor-icon-wrapper\">\n\t\t\t<div class=\"elementor-icon\">\n\t\t\t<svg xmlns=\"http:\/\/www.w3.org\/2000\/svg\" id=\"Calque_1\" viewBox=\"0 0 22.7 22.7\"><path id=\"Trac&#xE9;_69\" d=\"M11.3,1.4L.7,11.5l10.6,9.8,10.7-9.8L11.3,1.4Z\"><\/path><\/svg>\t\t\t<\/div>\n\t\t<\/div>\n\t\t\t\t\t\t<\/div>\n\t\t\t\t<\/div>\n\t\t<div class=\"elementor-element elementor-element-bd2ac00 e-con-full e-flex e-con e-child\" data-id=\"bd2ac00\" data-element_type=\"container\" data-e-type=\"container\">\n\t\t\t\t<div class=\"elementor-element elementor-element-e291cd4 elementor-widget elementor-widget-text-editor\" data-id=\"e291cd4\" data-element_type=\"widget\" data-e-type=\"widget\" data-widget_type=\"text-editor.default\">\n\t\t\t\t\t\t\t\t\t<p>Von den Lichtern der B\u00fchne begleitet, w\u00e4chst ihr Sohn Mathieu im Herzen des Showbetriebs auf und teilt seit vielen Jahren dieselbe Leidenschaft.<\/p><p>Im Jahre 2014 lassen sie acht Minisuiten entstehen und verl\u00e4ngern so den Traum bis in den n\u00e4chsten Morgen.<\/p><p>Im Jahre 2015 geben sie gemeinsam dem Lounge Club Leben, einem 2.000 m\u00b2 gro\u00dfen Bar- und Clubbereich, der dazu einl\u00e4dt, bis sp\u00e4t in die Nacht hinein zu feiern.<\/p>\t\t\t\t\t\t\t\t<\/div>\n\t\t\t\t<\/div>\n\t\t\t\t<\/div>\n\t\t\t\t<\/div>\n\t\t\t\t<\/div>\n\t\t\t\t<\/div>\n\t\t<div class=\"elementor-element elementor-element-3515c48 e-con-full e-flex e-con e-parent\" data-id=\"3515c48\" data-element_type=\"container\" data-e-type=\"container\" data-settings=\"{&quot;background_background&quot;:&quot;classic&quot;}\">\n\t\t\t\t<div class=\"elementor-element elementor-element-34af00a elementor-view-default elementor-widget elementor-widget-icon\" data-id=\"34af00a\" data-element_type=\"widget\" data-e-type=\"widget\" data-widget_type=\"icon.default\">\n\t\t\t\t\t\t\t<div class=\"elementor-icon-wrapper\">\n\t\t\t<div class=\"elementor-icon\">\n\t\t\t<svg xmlns=\"http:\/\/www.w3.org\/2000\/svg\" id=\"Calque_1\" viewBox=\"0 0 22.7 22.7\"><path id=\"Trac&#xE9;_69\" d=\"M11.3,1.4L.7,11.5l10.6,9.8,10.7-9.8L11.3,1.4Z\"><\/path><\/svg>\t\t\t<\/div>\n\t\t<\/div>\n\t\t\t\t\t\t<\/div>\n\t\t<div class=\"elementor-element elementor-element-a6d09f4 e-con-full e-flex e-con e-child\" data-id=\"a6d09f4\" data-element_type=\"container\" data-e-type=\"container\">\n\t\t\t\t<div class=\"elementor-element elementor-element-c739b2a elementor-widget elementor-widget-heading\" data-id=\"c739b2a\" data-element_type=\"widget\" data-e-type=\"widget\" data-widget_type=\"heading.default\">\n\t\t\t\t\t<h2 class=\"elementor-heading-title elementor-size-default\">Das Royal Palace Hotel &amp; Spa, ein neuer Traum getragen von Mathieu Meyer<\/h2>\t\t\t\t<\/div>\n\t\t\t\t<\/div>\n\t\t<div class=\"elementor-element elementor-element-0978421 e-con-full e-flex e-con e-child\" data-id=\"0978421\" data-element_type=\"container\" data-e-type=\"container\">\n\t\t<div class=\"elementor-element elementor-element-d812038 e-con-full e-flex elementor-invisible e-con e-child\" data-id=\"d812038\" data-element_type=\"container\" data-e-type=\"container\" data-settings=\"{&quot;background_background&quot;:&quot;classic&quot;,&quot;animation&quot;:&quot;fadeInLeft&quot;}\">\n\t\t\t\t<div class=\"elementor-element elementor-element-20af498 elementor-widget elementor-widget-image\" data-id=\"20af498\" data-element_type=\"widget\" data-e-type=\"widget\" data-widget_type=\"image.default\">\n\t\t\t\t\t\t\t\t\t\t\t\t\t\t\t<img fetchpriority=\"high\" decoding=\"async\" width=\"800\" height=\"1000\" src=\"https:\/\/www.royalpalacehotelspa.com\/wp-content\/uploads\/2026\/02\/Mathieu-Meyer-819x1024.jpeg\" class=\"attachment-large size-large wp-image-4544\" alt=\"\" srcset=\"https:\/\/www.royalpalacehotelspa.com\/wp-content\/uploads\/2026\/02\/Mathieu-Meyer-819x1024.jpeg 819w, https:\/\/www.royalpalacehotelspa.com\/wp-content\/uploads\/2026\/02\/Mathieu-Meyer-240x300.jpeg 240w, https:\/\/www.royalpalacehotelspa.com\/wp-content\/uploads\/2026\/02\/Mathieu-Meyer-768x960.jpeg 768w, https:\/\/www.royalpalacehotelspa.com\/wp-content\/uploads\/2026\/02\/Mathieu-Meyer-1229x1536.jpeg 1229w, https:\/\/www.royalpalacehotelspa.com\/wp-content\/uploads\/2026\/02\/Mathieu-Meyer.jpeg 1249w\" sizes=\"(max-width: 800px) 100vw, 800px\" \/>\t\t\t\t\t\t\t\t\t\t\t\t\t\t\t<\/div>\n\t\t\t\t<\/div>\n\t\t<div class=\"elementor-element elementor-element-fc058d2 e-con-full e-flex e-con e-child\" data-id=\"fc058d2\" data-element_type=\"container\" data-e-type=\"container\">\n\t\t<div class=\"elementor-element elementor-element-653711c e-con-full e-flex e-con e-child\" data-id=\"653711c\" data-element_type=\"container\" data-e-type=\"container\">\n\t\t\t\t<div class=\"elementor-element elementor-element-0316766 elementor-widget elementor-widget-text-editor\" data-id=\"0316766\" data-element_type=\"widget\" data-e-type=\"widget\" data-widget_type=\"text-editor.default\">\n\t\t\t\t\t\t\t\t\t<p>92 Zimmer, 2 Suiten, ein 2.000 m\u00b2 gro\u00dfer Spa-Bereich auf zwei Etagen, ein Panoramarestaurant mit Terrasse sowie eine Bar.<\/p><p>In Kirrwiller verk\u00f6rpert dieses ambitionierte Projekt den Traum von Mathieu Meyer.<\/p><p>An der Seite seiner Partnerin Sarit\u00e2 und seiner Eltern realisiert er dieses au\u00dfergew\u00f6hnliche Bauwerk, um das Erlebnis zu verl\u00e4ngern und eine neue Wellness-Destination im Elsass zu schaffen.<\/p>\t\t\t\t\t\t\t\t<\/div>\n\t\t\t\t<\/div>\n\t\t\t\t<\/div>\n\t\t\t\t<\/div>\n\t\t\t\t<\/div>\n\t\t<div class=\"elementor-element elementor-element-b2fee14 e-con-full e-flex elementor-invisible e-con e-child\" data-id=\"b2fee14\" data-element_type=\"container\" data-e-type=\"container\" data-settings=\"{&quot;background_background&quot;:&quot;classic&quot;,&quot;animation&quot;:&quot;fadeInUp&quot;}\">\n\t\t<div class=\"elementor-element elementor-element-c28233e e-flex e-con-boxed e-con e-child\" data-id=\"c28233e\" data-element_type=\"container\" data-e-type=\"container\">\n\t\t\t\t\t<div class=\"e-con-inner\">\n\t\t\t\t<div class=\"elementor-element elementor-element-73253d5 elementor-cta--skin-cover elementor-animated-content elementor-bg-transform elementor-bg-transform-zoom-in elementor-widget elementor-widget-call-to-action\" data-id=\"73253d5\" data-element_type=\"widget\" data-e-type=\"widget\" data-widget_type=\"call-to-action.default\">\n\t\t\t\t\t\t\t<a class=\"elementor-cta\" href=\"https:\/\/www.royalpalacehotelspa.com\/restaurant-bar\/\">\n\t\t\t\t\t<div class=\"elementor-cta__bg-wrapper\">\n\t\t\t\t<div class=\"elementor-cta__bg elementor-bg\" style=\"background-image: url(https:\/\/www.royalpalacehotelspa.com\/wp-content\/uploads\/2025\/11\/Royal-Palace-Hotel-Spa-Restaurant-La-Plume-Gourmande-2-1024x512.jpg);\" role=\"img\" aria-label=\"Buffet restaurant La Plume Gourmande Kirrwiller\"><\/div>\n\t\t\t\t<div class=\"elementor-cta__bg-overlay\"><\/div>\n\t\t\t<\/div>\n\t\t\t\t\t\t\t<div class=\"elementor-cta__content\">\n\t\t\t\t\n\t\t\t\t\t\t\t\t\t<h3 class=\"elementor-cta__title elementor-cta__content-item elementor-content-item elementor-animated-item--grow\">\n\t\t\t\t\t\tRestaurant &amp; Bar\t\t\t\t\t<\/h3>\n\t\t\t\t\n\t\t\t\t\n\t\t\t\t\t\t\t<\/div>\n\t\t\t\t\t\t<\/a>\n\t\t\t\t\t\t<\/div>\n\t\t\t\t\t<\/div>\n\t\t\t\t<\/div>\n\t\t<div class=\"elementor-element elementor-element-a06f72b e-flex e-con-boxed e-con e-child\" data-id=\"a06f72b\" data-element_type=\"container\" data-e-type=\"container\">\n\t\t\t\t\t<div class=\"e-con-inner\">\n\t\t\t\t<div class=\"elementor-element elementor-element-0404a99 elementor-cta--skin-cover elementor-animated-content elementor-bg-transform elementor-bg-transform-zoom-in elementor-widget elementor-widget-call-to-action\" data-id=\"0404a99\" data-element_type=\"widget\" data-e-type=\"widget\" data-widget_type=\"call-to-action.default\">\n\t\t\t\t\t\t\t<a class=\"elementor-cta\" href=\"https:\/\/www.royalpalacehotelspa.com\/spa-bien-etre\/\">\n\t\t\t\t\t<div class=\"elementor-cta__bg-wrapper\">\n\t\t\t\t<div class=\"elementor-cta__bg elementor-bg\" style=\"background-image: url(https:\/\/www.royalpalacehotelspa.com\/wp-content\/uploads\/2025\/10\/Royal-Palace-Hotel-Spa-Piscine-1024x512.jpg);\" role=\"img\" aria-label=\"#image_title\"><\/div>\n\t\t\t\t<div class=\"elementor-cta__bg-overlay\"><\/div>\n\t\t\t<\/div>\n\t\t\t\t\t\t\t<div class=\"elementor-cta__content\">\n\t\t\t\t\n\t\t\t\t\t\t\t\t\t<h3 class=\"elementor-cta__title elementor-cta__content-item elementor-content-item elementor-animated-item--grow\">\n\t\t\t\t\t\tWellness &amp; Spa\t\t\t\t\t<\/h3>\n\t\t\t\t\n\t\t\t\t\n\t\t\t\t\t\t\t<\/div>\n\t\t\t\t\t\t<\/a>\n\t\t\t\t\t\t<\/div>\n\t\t\t\t\t<\/div>\n\t\t\t\t<\/div>\n\t\t<div class=\"elementor-element elementor-element-024af1c e-flex e-con-boxed e-con e-child\" data-id=\"024af1c\" data-element_type=\"container\" data-e-type=\"container\">\n\t\t\t\t\t<div class=\"e-con-inner\">\n\t\t\t\t<div class=\"elementor-element elementor-element-35c3877 elementor-cta--skin-cover elementor-animated-content elementor-bg-transform elementor-bg-transform-zoom-in elementor-widget elementor-widget-call-to-action\" data-id=\"35c3877\" data-element_type=\"widget\" data-e-type=\"widget\" data-widget_type=\"call-to-action.default\">\n\t\t\t\t\t\t\t<a class=\"elementor-cta\" href=\"https:\/\/www.royalpalacehotelspa.com\/royal-palace-music-hall\/\" target=\"_blank\">\n\t\t\t\t\t<div class=\"elementor-cta__bg-wrapper\">\n\t\t\t\t<div class=\"elementor-cta__bg elementor-bg\" style=\"background-image: url(https:\/\/www.royalpalacehotelspa.com\/wp-content\/uploads\/2026\/02\/Parfum_detoiles_fianl-1024x512.jpg);\" role=\"img\" aria-label=\"#image_title\"><\/div>\n\t\t\t\t<div class=\"elementor-cta__bg-overlay\"><\/div>\n\t\t\t<\/div>\n\t\t\t\t\t\t\t<div class=\"elementor-cta__content\">\n\t\t\t\t\n\t\t\t\t\t\t\t\t\t<h3 class=\"elementor-cta__title elementor-cta__content-item elementor-content-item elementor-animated-item--grow\">\n\t\t\t\t\t\tRoyal Palace Music-Hall\t\t\t\t\t<\/h3>\n\t\t\t\t\n\t\t\t\t\n\t\t\t\t\t\t\t<\/div>\n\t\t\t\t\t\t<\/a>\n\t\t\t\t\t\t<\/div>\n\t\t\t\t\t<\/div>\n\t\t\t\t<\/div>\n\t\t\t\t<\/div>\n\t\t\t\t<\/div>\n\t\t","protected":false},"excerpt":{"rendered":"<p>Der K\u00f6nigspalast, ein Familienerbe Der Beginn eines spektakul\u00e4ren Abenteuers (1980) Die Geschichte des Music-Halls beginnt im Jahre 1980 mit der \u00dcbernahme des Restaurants \u201eAdam Meyer\u201c durch Pierre Meyer und seine Ehefrau Cathy. Aus der Idee einer kleinen B\u00fchne entstehen erste erfolgreiche Shows. 1989: Investition von 1,5 Mio. \u20ac in eine 200 m\u00b2 gro\u00dfe B\u00fchne Im [&hellip;]<\/p>\n","protected":false},"author":1,"featured_media":0,"parent":0,"menu_order":0,"comment_status":"closed","ping_status":"closed","template":"","meta":{"footnotes":""},"class_list":["post-4542","page","type-page","status-publish","hentry"],"aioseo_notices":[],"_links":{"self":[{"href":"https:\/\/www.royalpalacehotelspa.com\/de\/wp-json\/wp\/v2\/pages\/4542","targetHints":{"allow":["GET"]}}],"collection":[{"href":"https:\/\/www.royalpalacehotelspa.com\/de\/wp-json\/wp\/v2\/pages"}],"about":[{"href":"https:\/\/www.royalpalacehotelspa.com\/de\/wp-json\/wp\/v2\/types\/page"}],"author":[{"embeddable":true,"href":"https:\/\/www.royalpalacehotelspa.com\/de\/wp-json\/wp\/v2\/users\/1"}],"replies":[{"embeddable":true,"href":"https:\/\/www.royalpalacehotelspa.com\/de\/wp-json\/wp\/v2\/comments?post=4542"}],"version-history":[{"count":23,"href":"https:\/\/www.royalpalacehotelspa.com\/de\/wp-json\/wp\/v2\/pages\/4542\/revisions"}],"predecessor-version":[{"id":5279,"href":"https:\/\/www.royalpalacehotelspa.com\/de\/wp-json\/wp\/v2\/pages\/4542\/revisions\/5279"}],"wp:attachment":[{"href":"https:\/\/www.royalpalacehotelspa.com\/de\/wp-json\/wp\/v2\/media?parent=4542"}],"curies":[{"name":"wp","href":"https:\/\/api.w.org\/{rel}","templated":true}]}}